{"id":2702,"date":"2024-01-22T13:46:11","date_gmt":"2024-01-22T13:46:11","guid":{"rendered":"https:\/\/www.delsspedition.de\/?page_id=2702"},"modified":"2024-01-23T11:01:20","modified_gmt":"2024-01-23T11:01:20","slug":"agb","status":"publish","type":"page","link":"https:\/\/www.delsspedition.de\/zh\/agb\/","title":{"rendered":"AGB"},"content":{"rendered":"<section class=\"wpb-content-wrapper\"><div class=\"vc_row wpb_row vc_row-fluid\"><div class=\"wpb_column vc_column_container vc_col-sm-12\"><div class=\"vc_column-inner\"><div class=\"wpb_wrapper\">\n\t<div class=\"wpb_text_column wpb_content_element\" >\n\t\t<div class=\"wpb_wrapper\">\n\t\t\t\n\t\t<\/div>\n\t<\/div>\n<\/div><\/div><\/div><\/div><div class=\"vc_row wpb_row vc_row-fluid\"><div class=\"wpb_column vc_column_container vc_col-sm-12\"><div class=\"vc_column-inner\"><div class=\"wpb_wrapper\">\n\t<div class=\"wpb_text_column wpb_content_element\" >\n\t\t<div class=\"wpb_wrapper\">\n\t\t\t<div class=\"vc_row wpb_row vc_row-fluid\"><\/div><div class=\"wpb_column vc_column_container vc_col-sm-12\"><div class=\"vc_column-inner\"><div class=\"wpb_wrapper\"><\/div><\/div><\/div>\n\t<div class=\"wpb_text_column wpb_content_element\" >\n\t\t<div class=\"wpb_wrapper\">\n\t\t\t\n\t\t<\/div>\n\t<\/div>\n<p><strong>Allgemeine Gesch\u00e4ftsbedingungen<\/strong><\/p>\n<p>f\u00fcr Dienstleistungen der Firma DELS SPEDITION GMBH<\/p>\n<p>Stand: HAMBURG<\/p>\n<ol>\n<li><strong> Geltungsbereich<\/strong><\/li>\n<\/ol>\n<p>&nbsp;<\/p>\n<p>Die nachstehenden allgemeinen Gesch\u00e4ftsbedingungen gelten f\u00fcr alle Rechtsgesch\u00e4fte der Dienstleistungsfirma \u00a0DELS Spedition GmbH \u2013 nachstehend Dienstleister genannt \u2013 mit seinem Vertragspartner \u2013 nachstehend Auftraggeber \u2013 genannt.<\/p>\n<p>&nbsp;<\/p>\n<p>Soweit einzelvertragliche Regelungen bestehen, welche von den Bestimmungen dieser AGB abweichen oder ihnen widersprechen, gehen die einzelvertraglichen Regelungen vor.<\/p>\n<p>&nbsp;<\/p>\n<p>&nbsp;<\/p>\n<ol start=\"2\">\n<li><strong> Vertragsgegenstand<\/strong><\/li>\n<\/ol>\n<p>&nbsp;<\/p>\n<p>2.1\u00a0\u00a0 Die Vertragsparteien vereinbaren die Zusammenarbeit gem\u00e4\u00df der spezifischen, individualvertraglichen Vereinbarung. Ein Arbeitsvertrag ist von den Parteien nicht gewollt und wird nicht begr\u00fcndet.<\/p>\n<p>&nbsp;<\/p>\n<p>2.2\u00a0\u00a0 <strong>F\u00fcr die Abgaben der Sozialversicherung oder steuerliche Belange tr\u00e4gt der Dienstleister selbst Sorge und stellt den Auftraggeber von eventuellen Verpflichtungen frei.<\/strong><\/p>\n<p><strong>\u00a0<\/strong><\/p>\n<p><strong>2.3\u00a0\u00a0 Es steht dem Dienstleister frei, auch f\u00fcr andere Auftraggeber t\u00e4tig zu werden. <\/strong><\/p>\n<p><strong>\u00a0<\/strong><\/p>\n<p><strong>\u00a0<\/strong><\/p>\n<ol start=\"3\">\n<li><strong>Zustandekommen des Vertrages<\/strong><\/li>\n<\/ol>\n<p>&nbsp;<\/p>\n<p>3.1\u00a0\u00a0 Das Vertragsverh\u00e4ltnis f\u00fcr die Dienstleistungen kommt durch Erteilung eines Kundenauftrags durch den Auftraggeber (Angebot) und dessen Annahme durch den Dienstleister zustande. Der Auftraggeber ist an die Erteilung des Kundenauftrages (Angebot) zwei Wochen gebunden.<\/p>\n<p>&nbsp;<\/p>\n<p>3.2\u00a0\u00a0 Der Gegenstand des Vertrages bzw. die genaue Aufgabenbezeichnung ist im schriftlichen Auftrag beschrieben.<\/p>\n<p>&nbsp;<\/p>\n<p>&nbsp;<\/p>\n<ol start=\"4\">\n<li><strong>Vertragsdauer und K\u00fcndigung<\/strong><\/li>\n<\/ol>\n<p>&nbsp;<\/p>\n<p><strong>4.1\u00a0\u00a0 Der Vertrag beginnt und endet am individuell vereinbarten Zeitpunkt.<\/strong><\/p>\n<p>&nbsp;<\/p>\n<p>4.2\u00a0\u00a0 Der Vertrag kann ordentlich gek\u00fcndigt werden. Diesbez\u00fcglich wird eine Frist von eine Wochen zum Monatsende vereinbart.<\/p>\n<p>&nbsp;<\/p>\n<p>4.3\u00a0\u00a0 Eine fristlose K\u00fcndigung aus wichtigem Grunde ist m\u00f6glich. Ein wichtiger Grund liegt beispielsweise vor, wenn<\/p>\n<p>&nbsp;<\/p>\n<p>der Auftraggeber mit zwei f\u00e4lligen, aufeinander folgenden Zahlungen im Verzug ist und nach Ablauf einer angemessenen Nachfrist nicht leistet<\/p>\n<p>&nbsp;<\/p>\n<p>der Auftraggeber nach Abschluss des Vertrages in Verm\u00f6gensverfall ger\u00e4t (Zahlungsunf\u00e4higkeit, Insolvenz), es sei denn, es wurde bereits ein Antrag auf Er\u00f6ffnung eines Insolvenzverfahrens gestellt<\/p>\n<p>&nbsp;<\/p>\n<p>&nbsp;<\/p>\n<ol start=\"5\">\n<li>Leistungsumfang, Pflichten der Vertragspartner<\/li>\n<\/ol>\n<p>&nbsp;<\/p>\n<p>5.1\u00a0\u00a0 Die vom Dienstleister zu erbringenden Leistungen umfassen in der Regel die detailliert aufgelisteten Aufgaben, gem\u00e4\u00df dem vom Auftraggeber erteilten Auftrag.<\/p>\n<p>&nbsp;<\/p>\n<p>5.2\u00a0\u00a0 Der Dienstleister wird den Auftraggeber in periodischen Abst\u00e4nden \u00fcber das Ergebnis seiner T\u00e4tigkeit in Kenntnis setzen. Die Vertragspartner k\u00f6nnen im Vertrag einen Zeitplan f\u00fcr die Leistungserbringung und einen geplanten Endtermin f\u00fcr die Beendigung von Dienstleistungen vereinbaren.<\/p>\n<p>&nbsp;<\/p>\n<p>5.3\u00a0\u00a0 Ist dem Dienstleister die vertraglich geschuldete Erbringung eines Auftrags tats\u00e4chlich nicht m\u00f6glich, so hat er den Auftraggeber unverz\u00fcglich dar\u00fcber in Kenntnis zu setzen.<\/p>\n<p>&nbsp;<\/p>\n<p>5.4\u00a0\u00a0 Der Dienstleister stellt die zur Leistungserbringung erforderlichen Ger\u00e4tschaften und das n\u00f6tige Personal, sofern der Auftraggeber nicht \u00fcber entsprechendes Ger\u00e4t oder R\u00e4umlichkeiten verf\u00fcgt, es sein denn individualvertraglich ist etwas anderes vereinbart.<\/p>\n<p>&nbsp;<\/p>\n<p>Die Parteien sind bem\u00fcht, nach bestem Wissen und Gewissen den Vertragspartner bei der Erbringung der jeweiligen Verpflichtung durch \u00dcberlassen von Informationen, Ausk\u00fcnften oder Erfahrungen zu unterst\u00fctzen, um einen reibungslosen und effizienten Arbeitsablauf f\u00fcr beide Parteien zu gew\u00e4hrleisten.<\/p>\n<p>&nbsp;<\/p>\n<p>5.5\u00a0\u00a0 Jeder der Vertragspartner kann beim anderen Vertragspartner in schriftlicher Form \u00c4nderungen des vereinbarten Leistungsumfangs beantragen. Nach Erhalt eines \u00c4nderungsantrags wird der Empf\u00e4nger pr\u00fcfen, ob und zu welchen Bedingungen die \u00c4nderung durchf\u00fchrbar ist und dem Antragsteller die Zustimmung bzw. Ablehnung unverz\u00fcglich in Textform mitteilen und gegebenenfalls begr\u00fcnden. Erfordert ein \u00c4nderungsantrag des Auftraggebers eine umfangreiche \u00dcberpr\u00fcfung, kann der \u00dcberpr\u00fcfungsaufwand hierf\u00fcr vom Dienstleister bei vorheriger Ank\u00fcndigung berechnet werden, sofern der Auftraggeber dennoch auf der \u00dcberpr\u00fcfung des \u00c4nderungsantrages besteht.<\/p>\n<p>&nbsp;<\/p>\n<p>Ggf. werden die f\u00fcr eine \u00dcberpr\u00fcfung und\/oder eine \u00c4nderung erforderlichen vertraglichen Anpassungen der vereinbarten Bedingungen und Leistungen in einer \u00c4nderungsvereinbarung schriftlich festgelegt und kommen entsprechend diesen allgemeinen Gesch\u00e4ftsbedingungen zustande.<\/p>\n<p>&nbsp;<\/p>\n<p>&nbsp;<\/p>\n<p>&nbsp;<\/p>\n<p>&nbsp;<\/p>\n<p>&nbsp;<\/p>\n<p>&nbsp;<\/p>\n<ol start=\"6\">\n<li>Preise und Zahlungsbedingungen<\/li>\n<\/ol>\n<p>&nbsp;<\/p>\n<p>6.1\u00a0\u00a0 Dienstleistungen werden zu dem im individuellen Vertrag aufgef\u00fchrten Festpreis nach Beendigung oder bei Vereinbarung der Verg\u00fctung auf Zeit- und Materialbasis monatlich f\u00e4llig und berechnet, soweit nicht im Vertrag eine andere Rechnungsstellung vereinbart ist.<\/p>\n<p>&nbsp;<\/p>\n<p>6.2\u00a0\u00a0 Angegebene Sch\u00e4tzpreise f\u00fcr Dienstleistungen auf Zeit- und Materialbasis, insbesondere in Kostenvoranschl\u00e4gen sind unverbindlich. Die einer Sch\u00e4tzung zugrundeliegenden Mengenans\u00e4tze beruhen auf einer nach bestem Wissen durchgef\u00fchrten Bewertung des Leistungsumfangs.<\/p>\n<p>&nbsp;<\/p>\n<p>6.3\u00a0\u00a0 Die Umsatzsteuer wird mit dem zur Zeit der Leistung geltenden Umsatzsteuersatz in Rechnung gestellt.<\/p>\n<p>&nbsp;<\/p>\n<p>6.4\u00a0\u00a0 Rechnungen sind bei Erhalt ohne Abzug zahlbar. Ist der Rechnungsbetrag nicht innerhalb von 30 Tagen nach dem Rechnungsdatum eingegangen, ist der Dienstleister berechtigt Verzugszinsen geltend zu machen. Die Verzugszinsen betragen 8.0 % p.a. \u00fcber dem zur Zeit der Berechnung geltenden Basiszinssatz.<\/p>\n<p>&nbsp;<\/p>\n<ol start=\"7\">\n<li>Haftung<\/li>\n<\/ol>\n<p>&nbsp;<\/p>\n<p>7.1\u00a0\u00a0 Der Dienstleister haftet in F\u00e4llen des Vorsatzes oder der groben Fahrl\u00e4ssigkeit nach den gesetzlichen Bestimmungen. Die Haftung f\u00fcr Garantien erfolgt verschuldensunabh\u00e4ngig. F\u00fcr leichte Fahrl\u00e4ssigkeit haftet der Dienstleister ausschlie\u00dflich nach den Vorschriften des Produkthaftungsgesetzes, wegen der Verletzung des Lebens, des K\u00f6rpers oder der Gesundheit oder wegen der Verletzung wesentlicher Vertragspflichten. Der Schadensersatzanspruch f\u00fcr die leicht fahrl\u00e4ssige Verletzung wesentlicher Vertragspflichten ist jedoch auf den vertragstypischen, vorhersehbaren Schaden begrenzt, soweit nicht wegen der Verletzung des Lebens, des K\u00f6rpers oder der Gesundheit gehaftet wird. F\u00fcr das Verschulden von Erf\u00fcllungsgehilfen und Vertretern haftet der Dienstleister in demselben Umfang.<\/p>\n<p>&nbsp;<\/p>\n<p>7.2\u00a0\u00a0 Die Regelung des vorstehenden Absatzes (7.1) erstreckt sich auf Schadensersatz neben der Leistung, den Schadensersatz statt der Leistung und den Ersatzanspruch wegen vergeblicher Aufwendungen, gleich aus welchem Rechtsgrund, einschlie\u00dflich der Haftung wegen M\u00e4ngeln, Verzugs oder Unm\u00f6glichkeit.<\/p>\n<p>&nbsp;<\/p>\n<p>&nbsp;<\/p>\n<ol start=\"8\">\n<li>Gerichtsstand<\/li>\n<\/ol>\n<p>&nbsp;<\/p>\n<p>F\u00fcr die Gesch\u00e4ftsverbindung zwischen den Parteien gilt ausschlie\u00dflich deutsches Recht.<\/p>\n<p>&nbsp;<\/p>\n<p>Hat der Auftraggeber keinen allgemeinen Gerichtsstand in Deutschland oder in einem anderen EU-Mitgliedstaat, ist ausschlie\u00dflich Gerichtsstand f\u00fcr s\u00e4mtliche Streitigkeiten aus diesem Vertrag unser Gesch\u00e4ftssitz.<\/p>\n\n\t\t<\/div>\n\t<\/div>\n<\/div><\/div><\/div><\/div>\n<\/section>","protected":false},"excerpt":{"rendered":"Allgemeine Gesch\u00e4ftsbedingungen f\u00fcr Dienstleistungen der Firma DELS SPEDITION GMBH Stand: HAMBURG Geltungsbereich &nbsp; Die nachstehenden allgemeinen Gesch\u00e4ftsbedingungen gelten f\u00fcr alle Rechtsgesch\u00e4fte der Dienstleistungsfirma \u00a0DELS Spedition GmbH \u2013 nachstehend Dienstleister genannt \u2013 mit seinem Vertragspartner \u2013 nachstehend Auftraggeber \u2013 genannt. &nbsp; Soweit einzelvertragliche Regelungen bestehen, welche von den Bestimmungen dieser AGB abweichen oder ihnen widersprechen, gehen [...]","protected":false},"author":1,"featured_media":0,"parent":0,"menu_order":0,"comment_status":"closed","ping_status":"closed","template":"","meta":{"footnotes":""},"class_list":["post-2702","page","type-page","status-publish","hentry"],"yoast_head":"<!-- This site is optimized with the Yoast SEO plugin v23.7 - https:\/\/yoast.com\/wordpress\/plugins\/seo\/ -->\n<title>AGB - Dels Spedition<\/title>\n<meta name=\"robots\" content=\"index, follow, max-snippet:-1, max-image-preview:large, max-video-preview:-1\" \/>\n<link rel=\"canonical\" href=\"https:\/\/www.delsspedition.de\/zh\/agb\/\" \/>\n<meta property=\"og:locale\" content=\"zh_CN\" \/>\n<meta property=\"og:type\" content=\"article\" \/>\n<meta property=\"og:title\" content=\"AGB - Dels Spedition\" \/>\n<meta property=\"og:url\" content=\"https:\/\/www.delsspedition.de\/zh\/agb\/\" \/>\n<meta property=\"og:site_name\" content=\"Dels Spedition\" \/>\n<meta property=\"article:modified_time\" content=\"2024-01-23T11:01:20+00:00\" \/>\n<meta name=\"twitter:card\" content=\"summary_large_image\" \/>\n<meta name=\"twitter:label1\" content=\"\u9884\u8ba1\u9605\u8bfb\u65f6\u95f4\" \/>\n\t<meta name=\"twitter:data1\" content=\"5 \u5206\" \/>\n<script type=\"application\/ld+json\" class=\"yoast-schema-graph\">{\"@context\":\"https:\/\/schema.org\",\"@graph\":[{\"@type\":\"WebPage\",\"@id\":\"https:\/\/www.delsspedition.de\/agb\/\",\"url\":\"https:\/\/www.delsspedition.de\/agb\/\",\"name\":\"AGB - Dels Spedition\",\"isPartOf\":{\"@id\":\"https:\/\/www.delsspedition.de\/#website\"},\"datePublished\":\"2024-01-22T13:46:11+00:00\",\"dateModified\":\"2024-01-23T11:01:20+00:00\",\"breadcrumb\":{\"@id\":\"https:\/\/www.delsspedition.de\/agb\/#breadcrumb\"},\"inLanguage\":\"zh-Hans\",\"potentialAction\":[{\"@type\":\"ReadAction\",\"target\":[\"https:\/\/www.delsspedition.de\/agb\/\"]}]},{\"@type\":\"BreadcrumbList\",\"@id\":\"https:\/\/www.delsspedition.de\/agb\/#breadcrumb\",\"itemListElement\":[{\"@type\":\"ListItem\",\"position\":1,\"name\":\"\u9996\u9875\",\"item\":\"https:\/\/www.delsspedition.de\/\"},{\"@type\":\"ListItem\",\"position\":2,\"name\":\"AGB\"}]},{\"@type\":\"WebSite\",\"@id\":\"https:\/\/www.delsspedition.de\/#website\",\"url\":\"https:\/\/www.delsspedition.de\/\",\"name\":\"Dels Spedition\",\"description\":\"\",\"potentialAction\":[{\"@type\":\"SearchAction\",\"target\":{\"@type\":\"EntryPoint\",\"urlTemplate\":\"https:\/\/www.delsspedition.de\/?s={search_term_string}\"},\"query-input\":{\"@type\":\"PropertyValueSpecification\",\"valueRequired\":true,\"valueName\":\"search_term_string\"}}],\"inLanguage\":\"zh-Hans\"}]}<\/script>\n<!-- \/ Yoast SEO plugin. -->","yoast_head_json":{"title":"AGB - Dels Spedition","robots":{"index":"index","follow":"follow","max-snippet":"max-snippet:-1","max-image-preview":"max-image-preview:large","max-video-preview":"max-video-preview:-1"},"canonical":"https:\/\/www.delsspedition.de\/zh\/agb\/","og_locale":"zh_CN","og_type":"article","og_title":"AGB - Dels Spedition","og_url":"https:\/\/www.delsspedition.de\/zh\/agb\/","og_site_name":"Dels Spedition","article_modified_time":"2024-01-23T11:01:20+00:00","twitter_card":"summary_large_image","twitter_misc":{"\u9884\u8ba1\u9605\u8bfb\u65f6\u95f4":"5 \u5206"},"schema":{"@context":"https:\/\/schema.org","@graph":[{"@type":"WebPage","@id":"https:\/\/www.delsspedition.de\/agb\/","url":"https:\/\/www.delsspedition.de\/agb\/","name":"AGB - Dels Spedition","isPartOf":{"@id":"https:\/\/www.delsspedition.de\/#website"},"datePublished":"2024-01-22T13:46:11+00:00","dateModified":"2024-01-23T11:01:20+00:00","breadcrumb":{"@id":"https:\/\/www.delsspedition.de\/agb\/#breadcrumb"},"inLanguage":"zh-Hans","potentialAction":[{"@type":"ReadAction","target":["https:\/\/www.delsspedition.de\/agb\/"]}]},{"@type":"BreadcrumbList","@id":"https:\/\/www.delsspedition.de\/agb\/#breadcrumb","itemListElement":[{"@type":"ListItem","position":1,"name":"\u9996\u9875","item":"https:\/\/www.delsspedition.de\/"},{"@type":"ListItem","position":2,"name":"AGB"}]},{"@type":"WebSite","@id":"https:\/\/www.delsspedition.de\/#website","url":"https:\/\/www.delsspedition.de\/","name":"Dels Spedition","description":"","potentialAction":[{"@type":"SearchAction","target":{"@type":"EntryPoint","urlTemplate":"https:\/\/www.delsspedition.de\/?s={search_term_string}"},"query-input":{"@type":"PropertyValueSpecification","valueRequired":true,"valueName":"search_term_string"}}],"inLanguage":"zh-Hans"}]}},"_links":{"self":[{"href":"https:\/\/www.delsspedition.de\/zh\/wp-json\/wp\/v2\/pages\/2702","targetHints":{"allow":["GET"]}}],"collection":[{"href":"https:\/\/www.delsspedition.de\/zh\/wp-json\/wp\/v2\/pages"}],"about":[{"href":"https:\/\/www.delsspedition.de\/zh\/wp-json\/wp\/v2\/types\/page"}],"author":[{"embeddable":true,"href":"https:\/\/www.delsspedition.de\/zh\/wp-json\/wp\/v2\/users\/1"}],"replies":[{"embeddable":true,"href":"https:\/\/www.delsspedition.de\/zh\/wp-json\/wp\/v2\/comments?post=2702"}],"version-history":[{"count":4,"href":"https:\/\/www.delsspedition.de\/zh\/wp-json\/wp\/v2\/pages\/2702\/revisions"}],"predecessor-version":[{"id":2718,"href":"https:\/\/www.delsspedition.de\/zh\/wp-json\/wp\/v2\/pages\/2702\/revisions\/2718"}],"wp:attachment":[{"href":"https:\/\/www.delsspedition.de\/zh\/wp-json\/wp\/v2\/media?parent=2702"}],"curies":[{"name":"wp","href":"https:\/\/api.w.org\/{rel}","templated":true}]}}